{"id":6081,"date":"2023-06-08T11:19:21","date_gmt":"2023-06-08T14:19:21","guid":{"rendered":"http:\/\/nwk.interactivityagencia.com\/?page_id=6081"},"modified":"2023-09-05T16:30:45","modified_gmt":"2023-09-05T19:30:45","slug":"faq","status":"publish","type":"page","link":"https:\/\/noworkids.com\/es\/faq\/","title":{"rendered":"FAQ"},"content":{"rendered":"[vc_row type=\u00bbfull_width_content\u00bb full_screen_row_position=\u00bbmiddle\u00bb column_margin=\u00bbcustom\u00bb column_margin_custom=\u00bb7vw\u00bb equal_height=\u00bbyes\u00bb content_placement=\u00bbmiddle\u00bb column_direction=\u00bbdefault\u00bb column_direction_tablet=\u00bbdefault\u00bb column_direction_phone=\u00bbdefault\u00bb bg_color=\u00bb#f8f8f8&#8243; scene_position=\u00bbcenter\u00bb top_padding=\u00bb6%\u00bb bottom_padding=\u00bb6%\u00bb left_padding_desktop=\u00bb7vw\u00bb constrain_group_2=\u00bbyes\u00bb right_padding_desktop=\u00bb7vw\u00bb text_color=\u00bbdark\u00bb text_align=\u00bbleft\u00bb row_border_radius=\u00bbnone\u00bb row_border_radius_applies=\u00bbbg\u00bb overflow=\u00bbvisible\u00bb id=\u00bbfaq\u00bb advanced_gradient_angle=\u00bb0&#8243; overlay_strength=\u00bb0.8&#8243; gradient_direction=\u00bbleft_to_right\u00bb shape_divider_color=\u00bb#000000&#8243; shape_divider_position=\u00bbbottom\u00bb shape_divider_height=\u00bb99%\u00bb bg_image_animation=\u00bbnone\u00bb shape_type=\u00bbstraight_section\u00bb gradient_type=\u00bbdefault\u00bb][vc_column left_padding_desktop=\u00bb2vw\u00bb column_element_direction_desktop=\u00bbdefault\u00bb column_element_spacing=\u00bbdefault\u00bb desktop_text_alignment=\u00bbdefault\u00bb tablet_text_alignment=\u00bbdefault\u00bb phone_text_alignment=\u00bbdefault\u00bb background_color_opacity=\u00bb1&#8243; background_hover_color_opacity=\u00bb1&#8243; column_backdrop_filter=\u00bbnone\u00bb column_shadow=\u00bbnone\u00bb column_border_radius=\u00bbnone\u00bb column_link_target=\u00bb_self\u00bb column_position=\u00bbdefault\u00bb advanced_gradient_angle=\u00bb0&#8243; gradient_direction=\u00bbleft_to_right\u00bb overlay_strength=\u00bb0.3&#8243; width=\u00bb1\/6&#8243; tablet_width_inherit=\u00bbdefault\u00bb animation_type=\u00bbdefault\u00bb bg_image_animation=\u00bbnone\u00bb border_type=\u00bbsimple\u00bb column_border_width=\u00bbnone\u00bb column_border_style=\u00bbsolid\u00bb column_padding_type=\u00bbadvanced\u00bb gradient_type=\u00bbdefault\u00bb][\/vc_column][vc_column column_padding=\u00bbno-extra-padding\u00bb column_padding_tablet=\u00bbinherit\u00bb column_padding_phone=\u00bbinherit\u00bb column_padding_position=\u00bball\u00bb column_element_direction_desktop=\u00bbdefault\u00bb column_element_spacing=\u00bbdefault\u00bb desktop_text_alignment=\u00bbdefault\u00bb tablet_text_alignment=\u00bbdefault\u00bb phone_text_alignment=\u00bbdefault\u00bb background_color_opacity=\u00bb1&#8243; background_hover_color_opacity=\u00bb1&#8243; column_backdrop_filter=\u00bbnone\u00bb column_shadow=\u00bbnone\u00bb column_border_radius=\u00bbnone\u00bb column_link_target=\u00bb_self\u00bb column_position=\u00bbdefault\u00bb gradient_direction=\u00bbleft_to_right\u00bb overlay_strength=\u00bb0.3&#8243; width=\u00bb2\/3&#8243; tablet_width_inherit=\u00bbdefault\u00bb animation_type=\u00bbdefault\u00bb bg_image_animation=\u00bbnone\u00bb border_type=\u00bbsimple\u00bb column_border_width=\u00bbnone\u00bb column_border_style=\u00bbsolid\u00bb][toggles style=\u00bbminimal_shadow\u00bb accordion=\u00bbtrue\u00bb accordion_starting_functionality=\u00bbdefault\u00bb border_radius=\u00bbnone\u00bb][toggle color=\u00bbExtra-Color-1&#8243; heading_tag=\u00bbh5&#8243; heading_tag_functionality=\u00bbdefault\u00bb title=\u00bb\u00bfQu\u00e9 sucede si se detecta trabajo infantil?\u00bb][vc_column_text]<span style=\"font-weight: 400;\">La organizaci\u00f3n que contrata los servicios de NWK puede optar entre discontinuar el abastecimiento desde ese productor, o bien acordar con \u00e9ste los plazos y condiciones del \u201cajuste de conducta\u201d y adecuarse a la producci\u00f3n \u201clibre de trabajo infantil\u201d.<\/span>[\/vc_column_text][\/toggle][toggle color=\u00bbExtra-Color-1&#8243; heading_tag=\u00bbh5&#8243; heading_tag_functionality=\u00bbdefault\u00bb title=\u00bb\u00bfQu\u00e9 ocurre con los productores en caso de que se detecte trabajo infantil?\u00bb][vc_column_text]<span style=\"font-weight: 400;\">No calificar\u00e1n para continuar abasteciendo a su cliente. Al no poder obtener el sello \u201clibre de trabajo infantil\u201d, deber\u00e1n revisar con su cliente las condiciones de abastecimiento de su producci\u00f3n, en caso de continuar.<\/span><\/p>\n<p><span style=\"font-weight: 400;\">Dependiendo de la severidad del incumplimiento, se podr\u00e1 dar intervenci\u00f3n a las autoridades de control local.<\/span>[\/vc_column_text][\/toggle][toggle color=\u00bbExtra-Color-1&#8243; heading_tag=\u00bbh5&#8243; heading_tag_functionality=\u00bbdefault\u00bb title=\u00bb\u00bfQu\u00e9 sucede con los ni\u00f1os detectados en r\u00e9gimen de trabajo?\u00bb][vc_column_text]<span style=\"font-weight: 400;\">NWK tomar\u00e1 contacto con instituciones de apoyo locales, ya sea gubernamentales como ONGs, a fin de brindarles asistencia y poder mejorar su situaci\u00f3n de vulnerabilidad social.<\/span>[\/vc_column_text][\/toggle][toggle color=\u00bbExtra-Color-1&#8243; heading_tag=\u00bbh5&#8243; heading_tag_functionality=\u00bbdefault\u00bb title=\u00bb\u00bfLa materia prima certificada se encarece?\u00bb][vc_column_text]<span style=\"font-weight: 400;\">No, el costo del proceso de certificaci\u00f3n es insignificante respecto del valor de la materia prima certificada.<\/span>[\/vc_column_text][\/toggle][toggle color=\u00bbExtra-Color-1&#8243; heading_tag=\u00bbh5&#8243; heading_tag_functionality=\u00bbdefault\u00bb title=\u00bb\u00bfQui\u00e9n abona el monitoreo del trabajo infantil?\u00bb][vc_column_text]<span style=\"font-weight: 400;\">El comprador de la materia prima ser\u00e1 quien contrate a NWK para certificar que sus proveedores no utilizan trabajo infantil en su cadena de suministros.<\/span><\/p>\n<p><span style=\"font-weight: 400;\">En alg\u00fan caso, el mismo Estado podr\u00e1 utilizar los servicios de NWK para valerse de una herramienta tecnol\u00f3gica que le permita ejercer su funci\u00f3n de contralor, o los proveedores que deseen auto- certificarse para mejorar sus oportunidades comerciales.<\/span>[\/vc_column_text][\/toggle][toggle color=\u00bbExtra-Color-1&#8243; heading_tag=\u00bbh5&#8243; heading_tag_functionality=\u00bbdefault\u00bb title=\u00bb\u00bfQu\u00e9 ocurre si el productor no desea que su campo sea monitoreado?\u00bb][vc_column_text]<span style=\"font-weight: 400;\">El proceso de monitoreo no est\u00e1 pensado \u201ca espaldas\u201d de los productores, sino en colaboraci\u00f3n con ellos. El productor ser ver\u00e1 beneficiado con la certificaci\u00f3n en la medida en que desee, de buena fe, demostrar que no emplea trabajo infantil para comercializar su producci\u00f3n agr\u00edcola.\u00a0<\/span><\/p>\n<p><span style=\"font-weight: 400;\">La falta de cumplimiento o colaboraci\u00f3n inhibir\u00e1 la emisi\u00f3n del certificado de \u201clibre de trabajo infantil\u201d y en consecuencia le aplicar\u00e1n las penalidades por quiebra de contrato como por ejemplo no poder entregar o cobrar por su producci\u00f3n.<\/span>[\/vc_column_text][\/toggle][toggle color=\u00bbExtra-Color-1&#8243; heading_tag=\u00bbh5&#8243; heading_tag_functionality=\u00bbdefault\u00bb title=\u00bb\u00bfQu\u00e9 ocurre si las condiciones clim\u00e1ticas no permiten realizar un monitoreo del campo?\u00bb][vc_column_text]<span style=\"font-weight: 400;\">El monitoreo es sostenido en el tiempo.\u00a0 Cuando eventualmente exista un per\u00edodo donde las condiciones clim\u00e1ticas no permitan la toma de im\u00e1genes seguramente esas mismas condiciones no permitir\u00e1n el trabajo en campo. Coincidentemente, en condiciones clim\u00e1ticas adversas tampoco suele haber trabajo de cosecha y dem\u00e1s actividades.<\/span>[\/vc_column_text][\/toggle][toggle color=\u00bbExtra-Color-1&#8243; heading_tag=\u00bbh5&#8243; heading_tag_functionality=\u00bbdefault\u00bb title=\u00bb\u00bfQu\u00e9 tipos de productos agropecuarios se pueden auditar?\u00bb][vc_column_text]<span style=\"font-weight: 400;\">La variedad es extremadamente diversa, va desde frutas, verduras, granos y todo aqu\u00e9l producto que potencialmente pudiera utilizar el trabajo humano para alguna parte de su proceso de producci\u00f3n. La estrategia de monitoreo variar\u00e1 de acuerdo al tipo de producci\u00f3n de la que se trate.<\/span>[\/vc_column_text][\/toggle][toggle color=\u00bbExtra-Color-1&#8243; heading_tag=\u00bbh5&#8243; heading_tag_functionality=\u00bbdefault\u00bb title=\u00bb\u00bfCu\u00e1les son las ventajas de certificar para el productor agropecuario?\u00bb][vc_column_text]<span style=\"font-weight: 400;\">Entre otras:\u00a0<\/span><\/p>\n<ol>\n<li style=\"font-weight: 400;\" aria-level=\"1\"><span style=\"font-weight: 400;\">Acceder a clientes dispuestos a pagar solo un poco m\u00e1s por productos certificados.<\/span><\/li>\n<li style=\"font-weight: 400;\" aria-level=\"1\"><span style=\"font-weight: 400;\">Acceder a est\u00edmulos fiscales y financieros disponibles en su pa\u00eds \/ regi\u00f3n.<\/span><\/li>\n<li style=\"font-weight: 400;\" aria-level=\"1\"><span style=\"font-weight: 400;\">Diferenciarse de quienes no lo hacen, convirti\u00e9ndose en referentes de su actividad<\/span><\/li>\n<li style=\"font-weight: 400;\" aria-level=\"1\"><span style=\"font-weight: 400;\">Cumplir con la ley eliminando contingencias que ponen en riesgo su patrimonio y prestigio. <\/span><\/li>\n<\/ol>\n[\/vc_column_text][\/toggle][toggle color=\u00bbExtra-Color-1&#8243; heading_tag=\u00bbh5&#8243; heading_tag_functionality=\u00bbdefault\u00bb title=\u00bb\u00bfCu\u00e1les son las ventajas de los productos certificados para el cliente final que adquiere la materia prima?\u00bb][vc_column_text]<span style=\"font-weight: 400;\">Entre las principales ventajas podemos citar:<\/span><\/p>\n<ol>\n<li style=\"font-weight: 400;\" aria-level=\"1\"><span style=\"font-weight: 400;\">Tener una pol\u00edtica activa de responsabilidad social empresaria con la cadena de valor, mejorando su balance social, y ampliar su capacidad de influir activamente en la comunidad para prevenir el trabajo infantil en todas sus formas.<\/span><\/li>\n<li style=\"font-weight: 400;\" aria-level=\"1\"><span style=\"font-weight: 400;\">Prevenir da\u00f1o reputacional y contingencias legales a la organizaci\u00f3n o a sus marcas.<\/span><\/li>\n<li style=\"font-weight: 400;\" aria-level=\"1\"><span style=\"font-weight: 400;\">Asegurarse la preferencia de clientes conscientes y comprometidos, dispuestos a adquirir productos preferentemente de parte de empresas que respeten sus valores.<\/span><\/li>\n<li style=\"font-weight: 400;\" aria-level=\"1\"><span style=\"font-weight: 400;\">Atraer inversores.<\/span><\/li>\n<\/ol>\n[\/vc_column_text][\/toggle][toggle color=\u00bbExtra-Color-1&#8243; heading_tag=\u00bbh5&#8243; heading_tag_functionality=\u00bbdefault\u00bb title=\u00bb\u00bfCada cu\u00e1nto tiempo se realiza la auditor\u00eda de los campos en busca de la ausencia de trabajo infantil?\u00bb][vc_column_text]<span style=\"font-weight: 400;\">De acuerdo con el cultivo a monitorear y el calendario de labores de cada fase, son definidas las frecuencias y la duraci\u00f3n de la toma de im\u00e1genes.<\/span>[\/vc_column_text][\/toggle][toggle color=\u00bbExtra-Color-1&#8243; heading_tag=\u00bbh5&#8243; heading_tag_functionality=\u00bbdefault\u00bb title=\u00bb\u00bfToda producci\u00f3n agropecuaria puede ser monitoreada?\u00bb][vc_column_text]<span style=\"font-weight: 400;\">No en todos los casos tiene sentido monitorear la producci\u00f3n para certificarla \u201clibre de trabajo infantil\u201d: en la producci\u00f3n en donde la mecanizaci\u00f3n y la automatizaci\u00f3n de los procesos productivos es casi total, pr\u00e1cticamente no se requiere de la intervenci\u00f3n humana salvo para operar maquinaria compleja y all\u00ed no se hace necesario.<\/span>[\/vc_column_text][\/toggle][\/toggles][\/vc_column][vc_column column_padding=\u00bbno-extra-padding\u00bb column_padding_tablet=\u00bbinherit\u00bb column_padding_phone=\u00bbinherit\u00bb column_padding_position=\u00bball\u00bb column_element_direction_desktop=\u00bbdefault\u00bb column_element_spacing=\u00bbdefault\u00bb desktop_text_alignment=\u00bbdefault\u00bb tablet_text_alignment=\u00bbdefault\u00bb phone_text_alignment=\u00bbdefault\u00bb background_color_opacity=\u00bb1&#8243; background_hover_color_opacity=\u00bb1&#8243; column_backdrop_filter=\u00bbnone\u00bb column_shadow=\u00bbnone\u00bb column_border_radius=\u00bbnone\u00bb column_link_target=\u00bb_self\u00bb column_position=\u00bbdefault\u00bb gradient_direction=\u00bbleft_to_right\u00bb overlay_strength=\u00bb0.3&#8243; width=\u00bb1\/6&#8243; tablet_width_inherit=\u00bbdefault\u00bb animation_type=\u00bbdefault\u00bb bg_image_animation=\u00bbnone\u00bb border_type=\u00bbsimple\u00bb column_border_width=\u00bbnone\u00bb column_border_style=\u00bbsolid\u00bb][\/vc_column][\/vc_row][vc_row type=\u00bbfull_width_background\u00bb full_screen_row_position=\u00bbmiddle\u00bb column_margin=\u00bbdefault\u00bb equal_height=\u00bbyes\u00bb content_placement=\u00bbmiddle\u00bb column_direction=\u00bbdefault\u00bb column_direction_tablet=\u00bbdefault\u00bb column_direction_phone=\u00bbdefault\u00bb bg_color=\u00bb#546e7a\u00bb scene_position=\u00bbcenter\u00bb top_padding=\u00bb70&#8243; bottom_padding=\u00bb70&#8243; text_color=\u00bblight\u00bb text_align=\u00bbleft\u00bb row_border_radius=\u00bbnone\u00bb row_border_radius_applies=\u00bbbg\u00bb overflow=\u00bbvisible\u00bb overlay_strength=\u00bb0.95&#8243; gradient_direction=\u00bbleft_to_right\u00bb shape_divider_position=\u00bbbottom\u00bb bg_image_animation=\u00bbnone\u00bb shape_type=\u00bb\u00bb gradient_type=\u00bbdefault\u00bb][vc_column column_padding=\u00bbno-extra-padding\u00bb column_padding_tablet=\u00bbinherit\u00bb column_padding_phone=\u00bbinherit\u00bb column_padding_position=\u00bball\u00bb column_element_direction_desktop=\u00bbdefault\u00bb column_element_spacing=\u00bbdefault\u00bb desktop_text_alignment=\u00bbdefault\u00bb tablet_text_alignment=\u00bbcenter\u00bb phone_text_alignment=\u00bbcenter\u00bb background_color_opacity=\u00bb1&#8243; background_hover_color_opacity=\u00bb1&#8243; column_backdrop_filter=\u00bbnone\u00bb column_shadow=\u00bbnone\u00bb column_border_radius=\u00bbnone\u00bb column_link_target=\u00bb_self\u00bb column_position=\u00bbdefault\u00bb gradient_direction=\u00bbleft_to_right\u00bb overlay_strength=\u00bb0.3&#8243; width=\u00bb1\/2&#8243; tablet_width_inherit=\u00bbdefault\u00bb animation_type=\u00bbdefault\u00bb bg_image_animation=\u00bbnone\u00bb border_type=\u00bbsimple\u00bb column_border_width=\u00bbnone\u00bb column_border_style=\u00bbsolid\u00bb][split_line_heading animation_type=\u00bbline-reveal-by-space\u00bb font_style=\u00bbh2&#8243; line_reveal_by_space_text_effect=\u00bbdefault\u00bb content_alignment=\u00bbdefault\u00bb mobile_content_alignment=\u00bbinherit\u00bb link_target=\u00bb_self\u00bb text_content=\u00bbLos ni\u00f1os tienen derecho a estudiar, jugar y ser felices. \u00bfTrabajamos juntos?\u00bb][\/split_line_heading][\/vc_column][vc_column column_padding=\u00bbno-extra-padding\u00bb column_padding_tablet=\u00bbinherit\u00bb column_padding_phone=\u00bbinherit\u00bb column_padding_position=\u00bball\u00bb column_element_direction_desktop=\u00bbdefault\u00bb column_element_spacing=\u00bbdefault\u00bb desktop_text_alignment=\u00bbdefault\u00bb tablet_text_alignment=\u00bbcenter\u00bb phone_text_alignment=\u00bbcenter\u00bb background_color_opacity=\u00bb1&#8243; background_hover_color_opacity=\u00bb1&#8243; column_backdrop_filter=\u00bbnone\u00bb column_shadow=\u00bbnone\u00bb column_border_radius=\u00bbnone\u00bb column_link_target=\u00bb_self\u00bb column_position=\u00bbdefault\u00bb gradient_direction=\u00bbleft_to_right\u00bb overlay_strength=\u00bb0.3&#8243; width=\u00bb1\/2&#8243; tablet_width_inherit=\u00bbdefault\u00bb animation_type=\u00bbdefault\u00bb bg_image_animation=\u00bbnone\u00bb border_type=\u00bbsimple\u00bb column_border_width=\u00bbnone\u00bb column_border_style=\u00bbsolid\u00bb][vc_row_inner column_margin=\u00bbdefault\u00bb column_direction=\u00bbdefault\u00bb column_direction_tablet=\u00bbdefault\u00bb column_direction_phone=\u00bbdefault\u00bb text_align=\u00bbright\u00bb row_position=\u00bbdefault\u00bb row_position_tablet=\u00bbinherit\u00bb row_position_phone=\u00bbinherit\u00bb overflow=\u00bbvisible\u00bb pointer_events=\u00bball\u00bb][vc_column_inner column_padding=\u00bbno-extra-padding\u00bb column_padding_tablet=\u00bbinherit\u00bb column_padding_phone=\u00bbinherit\u00bb column_padding_position=\u00bball\u00bb column_element_direction_desktop=\u00bbdefault\u00bb column_element_spacing=\u00bbdefault\u00bb desktop_text_alignment=\u00bbdefault\u00bb tablet_text_alignment=\u00bbdefault\u00bb phone_text_alignment=\u00bbdefault\u00bb background_color_opacity=\u00bb1&#8243; background_hover_color_opacity=\u00bb1&#8243; column_backdrop_filter=\u00bbnone\u00bb column_shadow=\u00bbnone\u00bb column_border_radius=\u00bbnone\u00bb column_link_target=\u00bb_self\u00bb overflow=\u00bbvisible\u00bb gradient_direction=\u00bbleft_to_right\u00bb overlay_strength=\u00bb0.3&#8243; width=\u00bb1\/1&#8243; tablet_width_inherit=\u00bbdefault\u00bb animation_type=\u00bbdefault\u00bb bg_image_animation=\u00bbnone\u00bb border_type=\u00bbsimple\u00bb column_border_width=\u00bbnone\u00bb column_border_style=\u00bbsolid\u00bb][nectar_cta btn_style=\u00bbarrow-animation\u00bb heading_tag=\u00bbh4&#8243; button_color=\u00bbextra-color-1&#8243; text_color=\u00bb#ffffff\u00bb button_border_thickness=\u00bb0px\u00bb link_type=\u00bbregular\u00bb alignment=\u00bbleft\u00bb alignment_tablet=\u00bbdefault\u00bb alignment_phone=\u00bbdefault\u00bb display=\u00bbinline\u00bb display_tablet=\u00bbinherit\u00bb display_phone=\u00bbinherit\u00bb link_text=\u00bbCont\u00e1ctanos\u00bb url=\u00bb\/es\/contacto\/\u00bb padding_top=\u00bb20&#8243; padding_right=\u00bb40&#8243; padding_bottom=\u00bb20&#8243; padding_left=\u00bb40&#8243;][\/vc_column_inner][\/vc_row_inner][\/vc_column][\/vc_row][vc_row type=\u00bbfull_width_background\u00bb full_screen_row_position=\u00bbmiddle\u00bb column_margin=\u00bbdefault\u00bb column_direction=\u00bbdefault\u00bb column_direction_tablet=\u00bbdefault\u00bb column_direction_phone=\u00bbdefault\u00bb bg_color=\u00bb#546e7a\u00bb scene_position=\u00bbcenter\u00bb text_color=\u00bblight\u00bb text_align=\u00bbleft\u00bb row_border_radius=\u00bbnone\u00bb row_border_radius_applies=\u00bbbg\u00bb overflow=\u00bbvisible\u00bb overlay_strength=\u00bb0.3&#8243; gradient_direction=\u00bbleft_to_right\u00bb shape_divider_position=\u00bbbottom\u00bb bg_image_animation=\u00bbnone\u00bb shape_type=\u00bb\u00bb gradient_type=\u00bbdefault\u00bb][vc_column column_padding=\u00bbno-extra-padding\u00bb column_padding_tablet=\u00bbinherit\u00bb column_padding_phone=\u00bbinherit\u00bb column_padding_position=\u00bball\u00bb column_element_direction_desktop=\u00bbdefault\u00bb column_element_spacing=\u00bbdefault\u00bb desktop_text_alignment=\u00bbdefault\u00bb tablet_text_alignment=\u00bbdefault\u00bb phone_text_alignment=\u00bbdefault\u00bb background_color_opacity=\u00bb1&#8243; background_hover_color_opacity=\u00bb1&#8243; column_backdrop_filter=\u00bbnone\u00bb column_shadow=\u00bbnone\u00bb column_border_radius=\u00bbnone\u00bb column_link_target=\u00bb_self\u00bb column_position=\u00bbdefault\u00bb gradient_direction=\u00bbleft_to_right\u00bb overlay_strength=\u00bb0.3&#8243; width=\u00bb1\/1&#8243; tablet_width_inherit=\u00bbdefault\u00bb animation_type=\u00bbdefault\u00bb bg_image_animation=\u00bbnone\u00bb border_type=\u00bbsimple\u00bb column_border_width=\u00bbnone\u00bb column_border_style=\u00bbsolid\u00bb][divider line_type=\u00bbFull Width Line\u00bb line_thickness=\u00bb1&#8243; divider_color=\u00bbwhite\u00bb custom_height=\u00bb2&#8243;][\/vc_column][\/vc_row]\n","protected":false},"excerpt":{"rendered":"<p>[vc_row type=\u00bbfull_width_content\u00bb full_screen_row_position=\u00bbmiddle\u00bb column_margin=\u00bbcustom\u00bb column_margin_custom=\u00bb7vw\u00bb equal_height=\u00bbyes\u00bb content_placement=\u00bbmiddle\u00bb column_direction=\u00bbdefault\u00bb column_direction_tablet=\u00bbdefault\u00bb column_direction_phone=\u00bbdefault\u00bb bg_color=\u00bb#f8f8f8&#8243; scene_position=\u00bbcenter\u00bb top_padding=\u00bb6%\u00bb bottom_padding=\u00bb6%\u00bb left_padding_desktop=\u00bb7vw\u00bb constrain_group_2=\u00bbyes\u00bb right_padding_desktop=\u00bb7vw\u00bb text_color=\u00bbdark\u00bb text_align=\u00bbleft\u00bb row_border_radius=\u00bbnone\u00bb row_border_radius_applies=\u00bbbg\u00bb overflow=\u00bbvisible\u00bb id=\u00bbfaq\u00bb advanced_gradient_angle=\u00bb0&#8243; overlay_strength=\u00bb0.8&#8243; gradient_direction=\u00bbleft_to_right\u00bb shape_divider_color=\u00bb#000000&#8243; shape_divider_position=\u00bbbottom\u00bb shape_divider_height=\u00bb99%\u00bb bg_image_animation=\u00bbnone\u00bb&#8230;<\/p>\n","protected":false},"author":1,"featured_media":0,"parent":0,"menu_order":0,"comment_status":"closed","ping_status":"closed","template":"","meta":{"_acf_changed":false,"footnotes":""},"class_list":["post-6081","page","type-page","status-publish"],"acf":[],"_links":{"self":[{"href":"https:\/\/noworkids.com\/es\/wp-json\/wp\/v2\/pages\/6081","targetHints":{"allow":["GET"]}}],"collection":[{"href":"https:\/\/noworkids.com\/es\/wp-json\/wp\/v2\/pages"}],"about":[{"href":"https:\/\/noworkids.com\/es\/wp-json\/wp\/v2\/types\/page"}],"author":[{"embeddable":true,"href":"https:\/\/noworkids.com\/es\/wp-json\/wp\/v2\/users\/1"}],"replies":[{"embeddable":true,"href":"https:\/\/noworkids.com\/es\/wp-json\/wp\/v2\/comments?post=6081"}],"version-history":[{"count":5,"href":"https:\/\/noworkids.com\/es\/wp-json\/wp\/v2\/pages\/6081\/revisions"}],"predecessor-version":[{"id":6521,"href":"https:\/\/noworkids.com\/es\/wp-json\/wp\/v2\/pages\/6081\/revisions\/6521"}],"wp:attachment":[{"href":"https:\/\/noworkids.com\/es\/wp-json\/wp\/v2\/media?parent=6081"}],"curies":[{"name":"wp","href":"https:\/\/api.w.org\/{rel}","templated":true}]}}