{"id":6290,"date":"2023-06-08T11:19:21","date_gmt":"2023-06-08T14:19:21","guid":{"rendered":"http:\/\/nwk.interactivityagencia.com\/faq\/"},"modified":"2023-09-14T05:11:23","modified_gmt":"2023-09-14T08:11:23","slug":"faq","status":"publish","type":"page","link":"https:\/\/noworkids.com\/pt-br\/faq\/","title":{"rendered":"FAQ"},"content":{"rendered":"[vc_row type=&#8221;full_width_content&#8221; full_screen_row_position=&#8221;middle&#8221; column_margin=&#8221;custom&#8221; column_margin_custom=&#8221;7vw&#8221; equal_height=&#8221;yes&#8221; content_placement=&#8221;middle&#8221; column_direction=&#8221;default&#8221; column_direction_tablet=&#8221;default&#8221; column_direction_phone=&#8221;default&#8221; bg_color=&#8221;#f8f8f8&#8243; scene_position=&#8221;center&#8221; top_padding=&#8221;6%&#8221; bottom_padding=&#8221;6%&#8221; left_padding_desktop=&#8221;7vw&#8221; constrain_group_2=&#8221;yes&#8221; right_padding_desktop=&#8221;7vw&#8221; text_color=&#8221;dark&#8221; text_align=&#8221;left&#8221; row_border_radius=&#8221;none&#8221; row_border_radius_applies=&#8221;bg&#8221; overflow=&#8221;visible&#8221; id=&#8221;faq&#8221; advanced_gradient_angle=&#8221;0&#8243; overlay_strength=&#8221;0.8&#8243; gradient_direction=&#8221;left_to_right&#8221; shape_divider_color=&#8221;#000000&#8243; shape_divider_position=&#8221;bottom&#8221; shape_divider_height=&#8221;99%&#8221; bg_image_animation=&#8221;none&#8221; shape_type=&#8221;straight_section&#8221; gradient_type=&#8221;default&#8221;][vc_column left_padding_desktop=&#8221;2vw&#8221; column_element_direction_desktop=&#8221;default&#8221; column_element_spacing=&#8221;default&#8221; desktop_text_alignment=&#8221;default&#8221; tablet_text_alignment=&#8221;default&#8221; phone_text_alignment=&#8221;default&#8221; background_color_opacity=&#8221;1&#8243; background_hover_color_opacity=&#8221;1&#8243; column_backdrop_filter=&#8221;none&#8221; column_shadow=&#8221;none&#8221; column_border_radius=&#8221;none&#8221; column_link_target=&#8221;_self&#8221; column_position=&#8221;default&#8221; advanced_gradient_angle=&#8221;0&#8243; gradient_direction=&#8221;left_to_right&#8221; overlay_strength=&#8221;0.3&#8243; width=&#8221;1\/6&#8243; tablet_width_inherit=&#8221;default&#8221; animation_type=&#8221;default&#8221; bg_image_animation=&#8221;none&#8221; border_type=&#8221;simple&#8221; column_border_width=&#8221;none&#8221; column_border_style=&#8221;solid&#8221; column_padding_type=&#8221;advanced&#8221; gradient_type=&#8221;default&#8221;][\/vc_column][vc_column column_padding=&#8221;no-extra-padding&#8221; column_padding_tablet=&#8221;inherit&#8221; column_padding_phone=&#8221;inherit&#8221; column_padding_position=&#8221;all&#8221; column_element_direction_desktop=&#8221;default&#8221; column_element_spacing=&#8221;default&#8221; desktop_text_alignment=&#8221;default&#8221; tablet_text_alignment=&#8221;default&#8221; phone_text_alignment=&#8221;default&#8221; background_color_opacity=&#8221;1&#8243; background_hover_color_opacity=&#8221;1&#8243; column_backdrop_filter=&#8221;none&#8221; column_shadow=&#8221;none&#8221; column_border_radius=&#8221;none&#8221; column_link_target=&#8221;_self&#8221; column_position=&#8221;default&#8221; gradient_direction=&#8221;left_to_right&#8221; overlay_strength=&#8221;0.3&#8243; width=&#8221;2\/3&#8243; tablet_width_inherit=&#8221;default&#8221; animation_type=&#8221;default&#8221; bg_image_animation=&#8221;none&#8221; border_type=&#8221;simple&#8221; column_border_width=&#8221;none&#8221; column_border_style=&#8221;solid&#8221;][toggles style=&#8221;minimal_shadow&#8221; accordion=&#8221;true&#8221; accordion_starting_functionality=&#8221;default&#8221; border_radius=&#8221;none&#8221;][toggle color=&#8221;Extra-Color-1&#8243; heading_tag=&#8221;h5&#8243; heading_tag_functionality=&#8221;default&#8221; title=&#8221;Que acontece se for detectado trabalho infantil?&#8221;][vc_column_text]<span style=\"font-weight: 400;\">A organiza\u00e7\u00e3o que contrata os servi\u00e7os da NWK pode escolher entre descontinuar o fornecimento daquele produtor, ou acertar com este os termos e condi\u00e7\u00f5es do &#8220;ajuste de conduta&#8221; e se adaptar \u00e0 produ\u00e7\u00e3o &#8220;livre de trabalho infantil&#8221;.<\/span>[\/vc_column_text][\/toggle][toggle color=&#8221;Extra-Color-1&#8243; heading_tag=&#8221;h5&#8243; heading_tag_functionality=&#8221;default&#8221; title=&#8221;Que acontece com os produtores caso seja detectado trabalho infantil?&#8221;][vc_column_text]<span style=\"font-weight: 400;\">Eles n\u00e3o qualificar\u00e3o para continuar fornecendo ao seu cliente. N\u00e3o conseguindo obter o selo \u201clivre de trabalho infantil\u201d, devem rever com seu cliente as condi\u00e7\u00f5es de fornecimento de sua produ\u00e7\u00e3o, caso continuem.<\/span><\/p>\n<p><span style=\"font-weight: 400;\">Dependendo da gravidade da n\u00e3o conformidade, a interven\u00e7\u00e3o poder\u00e1 ser dada \u00e0s autoridades locais de controle.<\/span>[\/vc_column_text][\/toggle][toggle color=&#8221;Extra-Color-1&#8243; heading_tag=&#8221;h5&#8243; heading_tag_functionality=&#8221;default&#8221; title=&#8221;Que acontece com as crian\u00e7as detectadas em regime de trabalho?&#8221;][vc_column_text]<span style=\"font-weight: 400;\">A NWK far\u00e1 contato com institui\u00e7\u00f5es locais de apoio, sejam governamentais ou ONGs, para auxili\u00e1-los e melhorar sua situa\u00e7\u00e3o de vulnerabilidade social.<\/span>[\/vc_column_text][\/toggle][toggle color=&#8221;Extra-Color-1&#8243; heading_tag=&#8221;h5&#8243; heading_tag_functionality=&#8221;default&#8221; title=&#8221;A mat\u00e9ria-prima certificada \u00e9 mais cara?&#8221;][vc_column_text]<span style=\"font-weight: 400;\">N\u00e3o, o custo do processo de certifica\u00e7\u00e3o \u00e9 imaterial em rela\u00e7\u00e3o ao valor da mat\u00e9ria-prima certificada.<\/span>[\/vc_column_text][\/toggle][toggle color=&#8221;Extra-Color-1&#8243; heading_tag=&#8221;h5&#8243; heading_tag_functionality=&#8221;default&#8221; title=&#8221;Quem paga pelo monitoramento do trabalho infantil?&#8221;][vc_column_text]<span style=\"font-weight: 400;\">O comprador da mat\u00e9ria-prima contratar\u00e1 a NWK para certificar que seus fornecedores n\u00e3o utilizam m\u00e3o de obra infantil em sua cadeia de suprimentos.<\/span><\/p>\n<p><span style=\"font-weight: 400;\">Em alguns casos, o pr\u00f3prio Estado pode recorrer aos servi\u00e7os da NWK para fazer uso de uma ferramenta tecnol\u00f3gica que lhe permita exercer a sua fun\u00e7\u00e3o de control, ou fornecedores que pretendam autocertificar-se para melhorar as suas oportunidades de neg\u00f3cio.<\/span>[\/vc_column_text][\/toggle][toggle color=&#8221;Extra-Color-1&#8243; heading_tag=&#8221;h5&#8243; heading_tag_functionality=&#8221;default&#8221; title=&#8221;Que acontece se o produtor n\u00e3o deseja que seu campo seja monitorado?&#8221;][vc_column_text]<span style=\"font-weight: 400;\">O processo de monitoramento n\u00e3o \u00e9 feito &#8220;pelas costas&#8221; dos produtores, mas em colabora\u00e7\u00e3o com eles. O produtor se beneficiar\u00e1 da certifica\u00e7\u00e3o na medida em que desejar, de boa f\u00e9, demonstrar que n\u00e3o utiliza trabalho infantil para comercializar sua produ\u00e7\u00e3o agr\u00edcola. <\/span><\/p>\n<p><span style=\"font-weight: 400;\">A falta de cumprimento ou colabora\u00e7\u00e3o inibir\u00e1 a emiss\u00e3o do certificado &#8220;livre de trabalho infantil&#8221; e, consequentemente, ser\u00e3o aplicadas as penalidades por quebra de contrato, como n\u00e3o poder entregar ou receber pela sua produ\u00e7\u00e3o.<\/span>[\/vc_column_text][\/toggle][toggle color=&#8221;Extra-Color-1&#8243; heading_tag=&#8221;h5&#8243; heading_tag_functionality=&#8221;default&#8221; title=&#8221;Que acontece se as condi\u00e7\u00f5es clim\u00e1ticas n\u00e3o permitirem o monitoramento de campo?&#8221;][vc_column_text]<span style=\"font-weight: 400;\">O monitoramento \u00e9 sustentado ao longo do tempo. Quando eventualmente houver um per\u00edodo em que as condi\u00e7\u00f5es climat\u00e9ricas n\u00e3o permitam a capta\u00e7\u00e3o de imagens, seguramente essas mesmas condi\u00e7\u00f5es n\u00e3o permitir\u00e3o o trabalho no terreno. Coincidentemente, em condi\u00e7\u00f5es clim\u00e1ticas adversas tamb\u00e9m n\u00e3o costuma haver trabalhos de colheita e outras atividades.<\/span>[\/vc_column_text][\/toggle][toggle color=&#8221;Extra-Color-1&#8243; heading_tag=&#8221;h5&#8243; heading_tag_functionality=&#8221;default&#8221; title=&#8221;Que tipos de produtos agr\u00edcolas podem ser auditados?&#8221;][vc_column_text]<span style=\"font-weight: 400;\">A variedade \u00e9 extremamente\u00a0diversificada, desde frutas, vegetais, gr\u00e3os e qualquer produto que possa potencialmente utilizar m\u00e3o de obra humana em alguma parte de seu processo produtivo. A estrat\u00e9gia de monitoramento varia de acordo com o tipo de produ\u00e7\u00e3o em quest\u00e3o.<\/span>[\/vc_column_text][\/toggle][toggle color=&#8221;Extra-Color-1&#8243; heading_tag=&#8221;h5&#8243; heading_tag_functionality=&#8221;default&#8221; title=&#8221;Quais as vantagens da certifica\u00e7\u00e3o para o produtor agr\u00edcola?&#8221;][vc_column_text]<span style=\"font-weight: 400;\">Entre outras: <\/span><\/p>\n<ol>\n<li style=\"font-weight: 400;\" aria-level=\"1\"><span style=\"font-weight: 400;\">Acessar a clientes dispostos a pagar um pouco mais por produtos certificados.<\/span><\/li>\n<li style=\"font-weight: 400;\" aria-level=\"1\"><span style=\"font-weight: 400;\">Acessar os incentivos fiscais e financeiros dispon\u00edveis em seu pa\u00eds\/regi\u00e3o.<\/span><\/li>\n<li style=\"font-weight: 400;\" aria-level=\"1\"><span style=\"font-weight: 400;\">Diferenciar-se daqueles que n\u00e3o o fazem, tornando-se refer\u00eantes para a sua atividade<\/span><\/li>\n<li style=\"font-weight: 400;\" aria-level=\"1\"><span style=\"font-weight: 400;\">Cumprir a lei, eliminando conting\u00eancias que ponham em risco o seu patrim\u00f3nio e prest\u00edgio. <\/span><\/li>\n<\/ol>\n[\/vc_column_text][\/toggle][toggle color=&#8221;Extra-Color-1&#8243; heading_tag=&#8221;h5&#8243; heading_tag_functionality=&#8221;default&#8221; title=&#8221;Quais as vantagens dos produtos certificados para o cliente final que adquire a mat\u00e9ria-prima?&#8221;][vc_column_text]<span style=\"font-weight: 400;\">Entre as principais vantagens podemos citar:<\/span><\/p>\n<ol>\n<li style=\"font-weight: 400;\" aria-level=\"1\"><span style=\"font-weight: 400;\">Ter uma pol\u00edtica ativa de responsabilidade social corporativa com a cadeia de valor, melhorando seu equil\u00edbrio social e ampliando sua capacidade de influenciar ativamente a comunidade para prevenir o trabalho infantil em todas as suas formas.<\/span><\/li>\n<li style=\"font-weight: 400;\" aria-level=\"1\"><span style=\"font-weight: 400;\">Prevenir danos reputacionais e conting\u00eancias legais \u00e0 organiza\u00e7\u00e3o ou suas marcas.<\/span><\/li>\n<li style=\"font-weight: 400;\" aria-level=\"1\"><span style=\"font-weight: 400;\">Garantir a prefer\u00eancia de clientes conscientes e comprometidos, dispostos a adquirir produtos preferencialmente de empresas que respeitam seus valores.<\/span><\/li>\n<li style=\"font-weight: 400;\" aria-level=\"1\"><span style=\"font-weight: 400;\">Atrair investidores.<\/span><\/li>\n<\/ol>\n[\/vc_column_text][\/toggle][toggle color=&#8221;Extra-Color-1&#8243; heading_tag=&#8221;h5&#8243; heading_tag_functionality=&#8221;default&#8221; title=&#8221;Com que frequ\u00eancia \u00e9 realizada a auditoria nas lavouras em busca da aus\u00eancia de trabalho infantil?&#8221;][vc_column_text]<span style=\"font-weight: 400;\">De acordo com a safra a ser monitorada e o calend\u00e1rio de trabalho de cada fase, s\u00e3o definidas as frequ\u00eancias e a dura\u00e7\u00e3o da capta\u00e7\u00e3o das imagens.<\/span>[\/vc_column_text][\/toggle][toggle color=&#8221;Extra-Color-1&#8243; heading_tag=&#8221;h5&#8243; heading_tag_functionality=&#8221;default&#8221; title=&#8221;Toda a produ\u00e7\u00e3o agr\u00edcola pode ser monitorada?&#8221;][vc_column_text]<span style=\"font-weight: 400;\">Nem sempre faz sentido monitorar a produ\u00e7\u00e3o para certific\u00e1-la &#8220;livre de trabalho infantil&#8221;: na produ\u00e7\u00e3o onde a mecaniza\u00e7\u00e3o e automa\u00e7\u00e3o dos processos de produ\u00e7\u00e3o \u00e9 quase total, praticamente nenhuma interven\u00e7\u00e3o humana \u00e9 necess\u00e1ria, exceto para operar m\u00e1quinas complexas e a\u00ed n\u00e3o \u00e9 necess\u00e1rio.<\/span>[\/vc_column_text][\/toggle][\/toggles][\/vc_column][vc_column column_padding=&#8221;no-extra-padding&#8221; column_padding_tablet=&#8221;inherit&#8221; column_padding_phone=&#8221;inherit&#8221; column_padding_position=&#8221;all&#8221; column_element_direction_desktop=&#8221;default&#8221; column_element_spacing=&#8221;default&#8221; desktop_text_alignment=&#8221;default&#8221; tablet_text_alignment=&#8221;default&#8221; phone_text_alignment=&#8221;default&#8221; background_color_opacity=&#8221;1&#8243; background_hover_color_opacity=&#8221;1&#8243; column_backdrop_filter=&#8221;none&#8221; column_shadow=&#8221;none&#8221; column_border_radius=&#8221;none&#8221; column_link_target=&#8221;_self&#8221; column_position=&#8221;default&#8221; gradient_direction=&#8221;left_to_right&#8221; overlay_strength=&#8221;0.3&#8243; width=&#8221;1\/6&#8243; tablet_width_inherit=&#8221;default&#8221; animation_type=&#8221;default&#8221; bg_image_animation=&#8221;none&#8221; border_type=&#8221;simple&#8221; column_border_width=&#8221;none&#8221; column_border_style=&#8221;solid&#8221;][\/vc_column][\/vc_row][vc_row type=&#8221;full_width_background&#8221; full_screen_row_position=&#8221;middle&#8221; column_margin=&#8221;default&#8221; equal_height=&#8221;yes&#8221; content_placement=&#8221;middle&#8221; column_direction=&#8221;default&#8221; column_direction_tablet=&#8221;default&#8221; column_direction_phone=&#8221;default&#8221; bg_color=&#8221;#546e7a&#8221; scene_position=&#8221;center&#8221; top_padding=&#8221;70&#8243; bottom_padding=&#8221;70&#8243; text_color=&#8221;light&#8221; text_align=&#8221;left&#8221; row_border_radius=&#8221;none&#8221; row_border_radius_applies=&#8221;bg&#8221; overflow=&#8221;visible&#8221; overlay_strength=&#8221;0.95&#8243; gradient_direction=&#8221;left_to_right&#8221; shape_divider_position=&#8221;bottom&#8221; bg_image_animation=&#8221;none&#8221; shape_type=&#8221;&#8221; gradient_type=&#8221;default&#8221;][vc_column column_padding=&#8221;no-extra-padding&#8221; column_padding_tablet=&#8221;inherit&#8221; column_padding_phone=&#8221;inherit&#8221; column_padding_position=&#8221;all&#8221; column_element_direction_desktop=&#8221;default&#8221; column_element_spacing=&#8221;default&#8221; desktop_text_alignment=&#8221;default&#8221; tablet_text_alignment=&#8221;center&#8221; phone_text_alignment=&#8221;center&#8221; background_color_opacity=&#8221;1&#8243; background_hover_color_opacity=&#8221;1&#8243; column_backdrop_filter=&#8221;none&#8221; column_shadow=&#8221;none&#8221; column_border_radius=&#8221;none&#8221; column_link_target=&#8221;_self&#8221; column_position=&#8221;default&#8221; gradient_direction=&#8221;left_to_right&#8221; overlay_strength=&#8221;0.3&#8243; width=&#8221;1\/2&#8243; tablet_width_inherit=&#8221;default&#8221; animation_type=&#8221;default&#8221; bg_image_animation=&#8221;none&#8221; border_type=&#8221;simple&#8221; column_border_width=&#8221;none&#8221; column_border_style=&#8221;solid&#8221;][split_line_heading animation_type=&#8221;line-reveal-by-space&#8221; font_style=&#8221;h2&#8243; line_reveal_by_space_text_effect=&#8221;default&#8221; content_alignment=&#8221;default&#8221; mobile_content_alignment=&#8221;inherit&#8221; link_target=&#8221;_self&#8221; text_content=&#8221;As crian\u00e7as t\u00eam o direito de estudar, brincar e ser feliz. Trabalhamos juntos?&#8221;][\/split_line_heading][\/vc_column][vc_column column_padding=&#8221;no-extra-padding&#8221; column_padding_tablet=&#8221;inherit&#8221; column_padding_phone=&#8221;inherit&#8221; column_padding_position=&#8221;all&#8221; column_element_direction_desktop=&#8221;default&#8221; column_element_spacing=&#8221;default&#8221; desktop_text_alignment=&#8221;default&#8221; tablet_text_alignment=&#8221;center&#8221; phone_text_alignment=&#8221;center&#8221; background_color_opacity=&#8221;1&#8243; background_hover_color_opacity=&#8221;1&#8243; column_backdrop_filter=&#8221;none&#8221; column_shadow=&#8221;none&#8221; column_border_radius=&#8221;none&#8221; column_link_target=&#8221;_self&#8221; column_position=&#8221;default&#8221; gradient_direction=&#8221;left_to_right&#8221; overlay_strength=&#8221;0.3&#8243; width=&#8221;1\/2&#8243; tablet_width_inherit=&#8221;default&#8221; animation_type=&#8221;default&#8221; bg_image_animation=&#8221;none&#8221; border_type=&#8221;simple&#8221; column_border_width=&#8221;none&#8221; column_border_style=&#8221;solid&#8221;][vc_row_inner column_margin=&#8221;default&#8221; column_direction=&#8221;default&#8221; column_direction_tablet=&#8221;default&#8221; column_direction_phone=&#8221;default&#8221; text_align=&#8221;right&#8221; row_position=&#8221;default&#8221; row_position_tablet=&#8221;inherit&#8221; row_position_phone=&#8221;inherit&#8221; overflow=&#8221;visible&#8221; pointer_events=&#8221;all&#8221;][vc_column_inner column_padding=&#8221;no-extra-padding&#8221; column_padding_tablet=&#8221;inherit&#8221; column_padding_phone=&#8221;inherit&#8221; column_padding_position=&#8221;all&#8221; column_element_direction_desktop=&#8221;default&#8221; column_element_spacing=&#8221;default&#8221; desktop_text_alignment=&#8221;default&#8221; tablet_text_alignment=&#8221;default&#8221; phone_text_alignment=&#8221;default&#8221; background_color_opacity=&#8221;1&#8243; background_hover_color_opacity=&#8221;1&#8243; column_backdrop_filter=&#8221;none&#8221; column_shadow=&#8221;none&#8221; column_border_radius=&#8221;none&#8221; column_link_target=&#8221;_self&#8221; overflow=&#8221;visible&#8221; gradient_direction=&#8221;left_to_right&#8221; overlay_strength=&#8221;0.3&#8243; width=&#8221;1\/1&#8243; tablet_width_inherit=&#8221;default&#8221; animation_type=&#8221;default&#8221; bg_image_animation=&#8221;none&#8221; border_type=&#8221;simple&#8221; column_border_width=&#8221;none&#8221; column_border_style=&#8221;solid&#8221;][nectar_cta btn_style=&#8221;arrow-animation&#8221; heading_tag=&#8221;h4&#8243; button_color=&#8221;extra-color-1&#8243; text_color=&#8221;#ffffff&#8221; button_border_thickness=&#8221;0px&#8221; link_type=&#8221;regular&#8221; alignment=&#8221;left&#8221; alignment_tablet=&#8221;default&#8221; alignment_phone=&#8221;default&#8221; display=&#8221;inline&#8221; display_tablet=&#8221;inherit&#8221; display_phone=&#8221;inherit&#8221; link_text=&#8221;Contate-nos&#8221; url=&#8221;\/pt-br\/contacto\/&#8221; padding_top=&#8221;20&#8243; padding_right=&#8221;40&#8243; padding_bottom=&#8221;20&#8243; padding_left=&#8221;40&#8243;][\/vc_column_inner][\/vc_row_inner][\/vc_column][\/vc_row][vc_row type=&#8221;full_width_background&#8221; full_screen_row_position=&#8221;middle&#8221; column_margin=&#8221;default&#8221; column_direction=&#8221;default&#8221; column_direction_tablet=&#8221;default&#8221; column_direction_phone=&#8221;default&#8221; bg_color=&#8221;#546e7a&#8221; scene_position=&#8221;center&#8221; text_color=&#8221;light&#8221; text_align=&#8221;left&#8221; row_border_radius=&#8221;none&#8221; row_border_radius_applies=&#8221;bg&#8221; overflow=&#8221;visible&#8221; overlay_strength=&#8221;0.3&#8243; gradient_direction=&#8221;left_to_right&#8221; shape_divider_position=&#8221;bottom&#8221; bg_image_animation=&#8221;none&#8221; shape_type=&#8221;&#8221; gradient_type=&#8221;default&#8221;][vc_column column_padding=&#8221;no-extra-padding&#8221; column_padding_tablet=&#8221;inherit&#8221; column_padding_phone=&#8221;inherit&#8221; column_padding_position=&#8221;all&#8221; column_element_direction_desktop=&#8221;default&#8221; column_element_spacing=&#8221;default&#8221; desktop_text_alignment=&#8221;default&#8221; tablet_text_alignment=&#8221;default&#8221; phone_text_alignment=&#8221;default&#8221; background_color_opacity=&#8221;1&#8243; background_hover_color_opacity=&#8221;1&#8243; column_backdrop_filter=&#8221;none&#8221; column_shadow=&#8221;none&#8221; column_border_radius=&#8221;none&#8221; column_link_target=&#8221;_self&#8221; column_position=&#8221;default&#8221; gradient_direction=&#8221;left_to_right&#8221; overlay_strength=&#8221;0.3&#8243; width=&#8221;1\/1&#8243; tablet_width_inherit=&#8221;default&#8221; animation_type=&#8221;default&#8221; bg_image_animation=&#8221;none&#8221; border_type=&#8221;simple&#8221; column_border_width=&#8221;none&#8221; column_border_style=&#8221;solid&#8221;][divider line_type=&#8221;Full Width Line&#8221; line_thickness=&#8221;1&#8243; divider_color=&#8221;white&#8221; custom_height=&#8221;2&#8243;][\/vc_column][\/vc_row]\n","protected":false},"excerpt":{"rendered":"<p>[vc_row type=&#8221;full_width_content&#8221; full_screen_row_position=&#8221;middle&#8221; column_margin=&#8221;custom&#8221; column_margin_custom=&#8221;7vw&#8221; equal_height=&#8221;yes&#8221; content_placement=&#8221;middle&#8221; column_direction=&#8221;default&#8221; column_direction_tablet=&#8221;default&#8221; column_direction_phone=&#8221;default&#8221; bg_color=&#8221;#f8f8f8&#8243; scene_position=&#8221;center&#8221; top_padding=&#8221;6%&#8221; bottom_padding=&#8221;6%&#8221; left_padding_desktop=&#8221;7vw&#8221; constrain_group_2=&#8221;yes&#8221; right_padding_desktop=&#8221;7vw&#8221; text_color=&#8221;dark&#8221; text_align=&#8221;left&#8221; row_border_radius=&#8221;none&#8221; row_border_radius_applies=&#8221;bg&#8221; overflow=&#8221;visible&#8221; id=&#8221;faq&#8221; advanced_gradient_angle=&#8221;0&#8243; overlay_strength=&#8221;0.8&#8243; gradient_direction=&#8221;left_to_right&#8221; shape_divider_color=&#8221;#000000&#8243; shape_divider_position=&#8221;bottom&#8221; shape_divider_height=&#8221;99%&#8221; bg_image_animation=&#8221;none&#8221;&#8230;<\/p>\n","protected":false},"author":1,"featured_media":0,"parent":0,"menu_order":0,"comment_status":"closed","ping_status":"closed","template":"","meta":{"_acf_changed":false,"footnotes":""},"class_list":["post-6290","page","type-page","status-publish"],"acf":[],"_links":{"self":[{"href":"https:\/\/noworkids.com\/pt-br\/wp-json\/wp\/v2\/pages\/6290","targetHints":{"allow":["GET"]}}],"collection":[{"href":"https:\/\/noworkids.com\/pt-br\/wp-json\/wp\/v2\/pages"}],"about":[{"href":"https:\/\/noworkids.com\/pt-br\/wp-json\/wp\/v2\/types\/page"}],"author":[{"embeddable":true,"href":"https:\/\/noworkids.com\/pt-br\/wp-json\/wp\/v2\/users\/1"}],"replies":[{"embeddable":true,"href":"https:\/\/noworkids.com\/pt-br\/wp-json\/wp\/v2\/comments?post=6290"}],"version-history":[{"count":23,"href":"https:\/\/noworkids.com\/pt-br\/wp-json\/wp\/v2\/pages\/6290\/revisions"}],"predecessor-version":[{"id":6540,"href":"https:\/\/noworkids.com\/pt-br\/wp-json\/wp\/v2\/pages\/6290\/revisions\/6540"}],"wp:attachment":[{"href":"https:\/\/noworkids.com\/pt-br\/wp-json\/wp\/v2\/media?parent=6290"}],"curies":[{"name":"wp","href":"https:\/\/api.w.org\/{rel}","templated":true}]}}