{"id":7055,"date":"2023-11-02T10:01:46","date_gmt":"2023-11-02T13:01:46","guid":{"rendered":"https:\/\/noworkids.com\/ajude-nos\/"},"modified":"2023-12-26T14:16:49","modified_gmt":"2023-12-26T17:16:49","slug":"ajude-nos","status":"publish","type":"page","link":"https:\/\/noworkids.com\/pt-br\/ajude-nos\/","title":{"rendered":"Ajude-nos"},"content":{"rendered":"[vc_row type=&#8221;full_width_content&#8221; full_screen_row_position=&#8221;middle&#8221; column_margin=&#8221;default&#8221; column_direction=&#8221;default&#8221; column_direction_tablet=&#8221;default&#8221; column_direction_phone=&#8221;default&#8221; bg_color=&#8221;#ffffff&#8221; scene_position=&#8221;center&#8221; text_color=&#8221;dark&#8221; text_align=&#8221;left&#8221; row_border_radius=&#8221;none&#8221; row_border_radius_applies=&#8221;bg&#8221; overflow=&#8221;visible&#8221; overlay_strength=&#8221;0.3&#8243; gradient_direction=&#8221;left_to_right&#8221; shape_divider_position=&#8221;bottom&#8221; bg_image_animation=&#8221;none&#8221;][vc_column column_padding=&#8221;padding-10-percent&#8221; column_padding_tablet=&#8221;inherit&#8221; column_padding_phone=&#8221;inherit&#8221; column_padding_position=&#8221;all&#8221; column_element_direction_desktop=&#8221;default&#8221; column_element_spacing=&#8221;default&#8221; desktop_text_alignment=&#8221;default&#8221; tablet_text_alignment=&#8221;default&#8221; phone_text_alignment=&#8221;default&#8221; background_color=&#8221;#546e7a&#8221; background_color_opacity=&#8221;1&#8243; background_hover_color_opacity=&#8221;1&#8243; column_backdrop_filter=&#8221;none&#8221; font_color=&#8221;#ffffff&#8221; column_shadow=&#8221;none&#8221; column_border_radius=&#8221;none&#8221; column_link_target=&#8221;_self&#8221; column_position=&#8221;default&#8221; gradient_direction=&#8221;left_to_right&#8221; overlay_strength=&#8221;0.3&#8243; width=&#8221;1\/2&#8243; tablet_width_inherit=&#8221;default&#8221; animation_type=&#8221;default&#8221; bg_image_animation=&#8221;none&#8221; border_type=&#8221;simple&#8221; column_border_width=&#8221;none&#8221; column_border_style=&#8221;solid&#8221; column_padding_type=&#8221;default&#8221; gradient_type=&#8221;default&#8221;][vc_column_text]\n<h3><b>Ajude-nos<\/b><\/h3>\n<p>&nbsp;<\/p>\n<p><span style=\"font-weight: 400;\">Na NoWorKids, estamos empenhados em construir a maior rede de operadores de drones do mundo, como parte dos nossos esfor\u00e7os cont\u00ednuos no combate ao trabalho infantil.<\/span><\/p>\n<p><span style=\"font-weight: 400;\">Se voc\u00ea possui habilidades em opera\u00e7\u00e3o de drones, convidamos voc\u00ea a fazer parte de nossa rede e trabalhar conosco!<\/span><span style=\"font-weight: 400;\"><br \/>\n<\/span>[\/vc_column_text][\/vc_column][vc_column column_padding=&#8221;padding-7-percent&#8221; column_padding_tablet=&#8221;inherit&#8221; column_padding_phone=&#8221;inherit&#8221; column_padding_position=&#8221;all&#8221; column_element_direction_desktop=&#8221;default&#8221; column_element_spacing=&#8221;default&#8221; desktop_text_alignment=&#8221;default&#8221; tablet_text_alignment=&#8221;default&#8221; phone_text_alignment=&#8221;default&#8221; background_color_opacity=&#8221;1&#8243; background_hover_color_opacity=&#8221;1&#8243; column_backdrop_filter=&#8221;none&#8221; column_shadow=&#8221;none&#8221; column_border_radius=&#8221;none&#8221; column_link_target=&#8221;_self&#8221; column_position=&#8221;default&#8221; gradient_direction=&#8221;left_to_right&#8221; overlay_strength=&#8221;0.3&#8243; width=&#8221;1\/2&#8243; tablet_width_inherit=&#8221;default&#8221; animation_type=&#8221;default&#8221; bg_image_animation=&#8221;none&#8221; border_type=&#8221;simple&#8221; column_border_width=&#8221;none&#8221; column_border_style=&#8221;solid&#8221; column_padding_type=&#8221;default&#8221; gradient_type=&#8221;default&#8221;]\n<div class=\"wpcf7 no-js\" id=\"wpcf7-f7049-o1\" lang=\"en-US\" dir=\"ltr\" data-wpcf7-id=\"7049\">\n<div class=\"screen-reader-response\"><p role=\"status\" aria-live=\"polite\" aria-atomic=\"true\"><\/p> <ul><\/ul><\/div>\n<form action=\"\/pt-br\/wp-json\/wp\/v2\/pages\/7055#wpcf7-f7049-o1\" method=\"post\" class=\"wpcf7-form init\" aria-label=\"Contact form\" novalidate=\"novalidate\" data-status=\"init\">\n<div style=\"display: none;\">\n<input type=\"hidden\" name=\"_wpcf7\" value=\"7049\" \/>\n<input type=\"hidden\" name=\"_wpcf7_version\" value=\"6.0.6\" \/>\n<input type=\"hidden\" name=\"_wpcf7_locale\" value=\"en_US\" \/>\n<input type=\"hidden\" name=\"_wpcf7_unit_tag\" value=\"wpcf7-f7049-o1\" \/>\n<input type=\"hidden\" name=\"_wpcf7_container_post\" value=\"0\" \/>\n<input type=\"hidden\" name=\"_wpcf7_posted_data_hash\" value=\"\" \/>\n<\/div>\n<p><label> Nome<br \/>\n<span class=\"wpcf7-form-control-wrap\" data-name=\"your-name\"><input size=\"40\" maxlength=\"400\" class=\"wpcf7-form-control wpcf7-text wpcf7-validates-as-required\" aria-required=\"true\" aria-invalid=\"false\" value=\"\" type=\"text\" name=\"your-name\" \/><\/span> <\/label>\n<\/p>\n<p><label> Sobrenome<br \/>\n<span class=\"wpcf7-form-control-wrap\" data-name=\"text-apellido\"><input size=\"40\" maxlength=\"400\" class=\"wpcf7-form-control wpcf7-text wpcf7-validates-as-required\" aria-required=\"true\" aria-invalid=\"false\" value=\"\" type=\"text\" name=\"text-apellido\" \/><\/span> <\/label>\n<\/p>\n<p><label> Data de Nascimento<br \/>\n<span class=\"wpcf7-form-control-wrap\" data-name=\"date-nacimiento\"><input class=\"wpcf7-form-control wpcf7-date wpcf7-validates-as-required wpcf7-validates-as-date\" aria-required=\"true\" aria-invalid=\"false\" value=\"\" type=\"date\" name=\"date-nacimiento\" \/><\/span> <\/label>\n<\/p>\n<p><label> Pa\u00eds de Resid\u00eancia<br \/>\n<span class=\"wpcf7-form-control-wrap\" data-name=\"text-pais\"><input size=\"40\" maxlength=\"400\" class=\"wpcf7-form-control wpcf7-text wpcf7-validates-as-required\" aria-required=\"true\" aria-invalid=\"false\" value=\"\" type=\"text\" name=\"text-pais\" \/><\/span> <\/label>\n<\/p>\n<p><label> Cidade de Resid\u00eancia<br \/>\n<span class=\"wpcf7-form-control-wrap\" data-name=\"text-ciudad\"><input size=\"40\" maxlength=\"400\" class=\"wpcf7-form-control wpcf7-text wpcf7-validates-as-required\" aria-required=\"true\" aria-invalid=\"false\" value=\"\" type=\"text\" name=\"text-ciudad\" \/><\/span> <\/label>\n<\/p>\n<p><label> Tenho um drone:<br \/>\n<span class=\"wpcf7-form-control-wrap\" data-name=\"checkbox-dron\"><span class=\"wpcf7-form-control wpcf7-checkbox wpcf7-validates-as-required\"><span class=\"wpcf7-list-item first\"><label><input type=\"checkbox\" name=\"checkbox-dron[]\" value=\"Sim\" \/><span class=\"wpcf7-list-item-label\">Sim<\/span><\/label><\/span><span class=\"wpcf7-list-item last\"><label><input type=\"checkbox\" name=\"checkbox-dron[]\" value=\"N\u00e3o\" \/><span class=\"wpcf7-list-item-label\">N\u00e3o<\/span><\/label><\/span><\/span><\/span> <\/label>\n<\/p>\n<p><label> Marca e modelo:<br \/>\n<span class=\"wpcf7-form-control-wrap\" data-name=\"text-marca\"><input size=\"40\" maxlength=\"400\" class=\"wpcf7-form-control wpcf7-text wpcf7-validates-as-required\" aria-required=\"true\" aria-invalid=\"false\" value=\"\" type=\"text\" name=\"text-marca\" \/><\/span> <\/label>\n<\/p>\n<p><label> Tenho licen\u00e7a para voar:<br \/>\n<span class=\"wpcf7-form-control-wrap\" data-name=\"checkbox-licencia\"><span class=\"wpcf7-form-control wpcf7-checkbox wpcf7-validates-as-required\"><span class=\"wpcf7-list-item first\"><label><input type=\"checkbox\" name=\"checkbox-licencia[]\" value=\"Sim\" \/><span class=\"wpcf7-list-item-label\">Sim<\/span><\/label><\/span><span class=\"wpcf7-list-item last\"><label><input type=\"checkbox\" name=\"checkbox-licencia[]\" value=\"N\u00e3o\" \/><span class=\"wpcf7-list-item-label\">N\u00e3o<\/span><\/label><\/span><\/span><\/span> <\/label>\n<\/p>\n<p><label> Emitida por:<br \/>\n<span class=\"wpcf7-form-control-wrap\" data-name=\"text-expedida\"><input size=\"40\" maxlength=\"400\" class=\"wpcf7-form-control wpcf7-text wpcf7-validates-as-required\" aria-required=\"true\" aria-invalid=\"false\" value=\"\" type=\"text\" name=\"text-expedida\" \/><\/span> <\/label>\n<\/p>\n<p><label> Tenho mobilidade pr\u00f3pria:<br \/>\n<span class=\"wpcf7-form-control-wrap\" data-name=\"checkbox-movilidad\"><span class=\"wpcf7-form-control wpcf7-checkbox wpcf7-validates-as-required\"><span class=\"wpcf7-list-item first\"><label><input type=\"checkbox\" name=\"checkbox-movilidad[]\" value=\"Sim\" \/><span class=\"wpcf7-list-item-label\">Sim<\/span><\/label><\/span><span class=\"wpcf7-list-item last\"><label><input type=\"checkbox\" name=\"checkbox-movilidad[]\" value=\"N\u00e3o\" \/><span class=\"wpcf7-list-item-label\">N\u00e3o<\/span><\/label><\/span><\/span><\/span> <\/label>\n<\/p>\n<p><input class=\"wpcf7-form-control wpcf7-submit has-spinner\" type=\"submit\" value=\"Enviar\" \/>\n<\/p><div class=\"wpcf7-response-output\" aria-hidden=\"true\"><\/div>\n<\/form>\n<\/div>\n[\/vc_column][\/vc_row]\n","protected":false},"excerpt":{"rendered":"<p>[vc_row type=&#8221;full_width_content&#8221; full_screen_row_position=&#8221;middle&#8221; column_margin=&#8221;default&#8221; column_direction=&#8221;default&#8221; column_direction_tablet=&#8221;default&#8221; column_direction_phone=&#8221;default&#8221; bg_color=&#8221;#ffffff&#8221; scene_position=&#8221;center&#8221; text_color=&#8221;dark&#8221; text_align=&#8221;left&#8221; row_border_radius=&#8221;none&#8221; row_border_radius_applies=&#8221;bg&#8221; overflow=&#8221;visible&#8221; overlay_strength=&#8221;0.3&#8243; gradient_direction=&#8221;left_to_right&#8221; shape_divider_position=&#8221;bottom&#8221; bg_image_animation=&#8221;none&#8221;][vc_column column_padding=&#8221;padding-10-percent&#8221; column_padding_tablet=&#8221;inherit&#8221; column_padding_phone=&#8221;inherit&#8221; column_padding_position=&#8221;all&#8221; column_element_direction_desktop=&#8221;default&#8221; column_element_spacing=&#8221;default&#8221; desktop_text_alignment=&#8221;default&#8221; tablet_text_alignment=&#8221;default&#8221; phone_text_alignment=&#8221;default&#8221; background_color=&#8221;#546e7a&#8221; background_color_opacity=&#8221;1&#8243; background_hover_color_opacity=&#8221;1&#8243;&#8230;<\/p>\n","protected":false},"author":1,"featured_media":0,"parent":0,"menu_order":0,"comment_status":"closed","ping_status":"closed","template":"","meta":{"_acf_changed":false,"footnotes":""},"class_list":["post-7055","page","type-page","status-publish"],"acf":[],"_links":{"self":[{"href":"https:\/\/noworkids.com\/pt-br\/wp-json\/wp\/v2\/pages\/7055","targetHints":{"allow":["GET"]}}],"collection":[{"href":"https:\/\/noworkids.com\/pt-br\/wp-json\/wp\/v2\/pages"}],"about":[{"href":"https:\/\/noworkids.com\/pt-br\/wp-json\/wp\/v2\/types\/page"}],"author":[{"embeddable":true,"href":"https:\/\/noworkids.com\/pt-br\/wp-json\/wp\/v2\/users\/1"}],"replies":[{"embeddable":true,"href":"https:\/\/noworkids.com\/pt-br\/wp-json\/wp\/v2\/comments?post=7055"}],"version-history":[{"count":3,"href":"https:\/\/noworkids.com\/pt-br\/wp-json\/wp\/v2\/pages\/7055\/revisions"}],"predecessor-version":[{"id":7059,"href":"https:\/\/noworkids.com\/pt-br\/wp-json\/wp\/v2\/pages\/7055\/revisions\/7059"}],"wp:attachment":[{"href":"https:\/\/noworkids.com\/pt-br\/wp-json\/wp\/v2\/media?parent=7055"}],"curies":[{"name":"wp","href":"https:\/\/api.w.org\/{rel}","templated":true}]}}